{"id":79,"date":"2021-05-01T08:55:46","date_gmt":"2021-05-01T08:55:46","guid":{"rendered":"https:\/\/ladrondelunas.es\/blog\/?page_id=79"},"modified":"2025-04-11T16:16:44","modified_gmt":"2025-04-11T16:16:44","slug":"elementor-79","status":"publish","type":"page","link":"https:\/\/ladrondelunas.es\/blog\/","title":{"rendered":"Home"},"content":{"rendered":"\t\t<div data-elementor-type=\"wp-page\" data-elementor-id=\"79\" class=\"elementor elementor-79\" data-elementor-settings=\"[]\">\n\t\t\t\t\t\t\t<div class=\"elementor-section-wrap\">\n\t\t\t\t\t\t\t<section class=\"elementor-section elementor-top-section elementor-element elementor-element-9bbad86 elementor-section-boxed elementor-section-height-default elementor-section-height-default\" data-id=\"9bbad86\" data-element_type=\"section\">\n\t\t\t\t\t\t<div class=\"elementor-container elementor-column-gap-default\">\n\t\t\t\t\t<div class=\"elementor-column elementor-col-100 elementor-top-column elementor-element elementor-element-f60ee27\" data-id=\"f60ee27\" data-element_type=\"column\">\n\t\t\t<div class=\"elementor-widget-wrap elementor-element-populated\">\n\t\t\t\t\t\t\t\t<div class=\"elementor-element elementor-element-46405d1 elementor-widget elementor-widget-blogmentor_blog_posts\" data-id=\"46405d1\" data-element_type=\"widget\" data-widget_type=\"blogmentor_blog_posts.default\">\n\t\t\t\t<div class=\"elementor-widget-container\">\n\t\t\t\t\t\n\t\t\t\t\t<div class=\"upl-main\">\n\t\t<div class=\"upl-container\">\n\t\t\t\t\t\t\t<div class=\"upl-left-section bm_content_box\">\n\t\t\t\t\t\t\t\t<div class=\"bm-post-image clearfix bm-hover-effect bm-hover-effect-blur\">\n\t\t\t\t\t<div class=\"upl-image\" style=\"background-image: url('https:\/\/ladrondelunas.es\/blog\/wp-content\/uploads\/2025\/11\/albarinogodello.png')\"><\/div>\n\t\t\t\t<\/div>\n\t\t\t\t<div class=\"upl-author\"><img decoding=\"async\" src=\"https:\/\/secure.gravatar.com\/avatar\/be963e4efdc19391e88bf0b5d2216e006477be68dc78ce1a34ae2875246321c1?s=96&d=mm&r=g\"><\/div>\n\t\t\t\t<div class=\"upl-title bm_title\"><a href=\"https:\/\/ladrondelunas.es\/blog\/uncategorized\/godello-vs-albarino-diferencias-esenciales-en-aroma-elaboracion-y-caracter\/\" rel=\"bookmark\">Godello vs Albari\u00f1o: diferencias esenciales en aroma, elaboraci\u00f3n y car\u00e1cter<\/a><\/div>\t\t\t\t\t<div class=\"upl-excerpt bm_content\"> En Espa\u00f1a convivimos con dos de las variedades blancas m\u00e1s reconocidas:&nbsp;Godello&nbsp;y&nbsp;Albari\u00f1o. Ambas son frescas y arom\u00e1ticas, pero cada una expresa un estilo \u00fanico marcado por su territorio y su forma&hellip; <\/div>\n\t\t\t\t\t\t\t\t\t<div class=\"upl-cat-date bm_meta\">\n\t\t\t\t\t\tMario Polo | 26\/11\/2025 \t\t\t\t\t<\/div>\n\t\t\t\t\t\t\t<\/div>\n\t\t\t\n\t\t\t\t\t\t<div class=\"upl-right-section\">\n\t\t\t\t<div class=\"upl-top bm_content_box\">\n\t\t\t\t\t<div class=\"bm-post-image clearfix bm-hover-effect bm-hover-effect-blur\">\n\t\t\t\t\t\t<div class=\"upl-image\" style=\"background-image: url('https:\/\/ladrondelunas.es\/blog\/wp-content\/uploads\/2025\/11\/blog.png')\"><\/div>\n\t\t\t\t\t<\/div>\n\t\t\t\t\t<div class=\"upl-author\">\n\t\t\t\t\t\t<img decoding=\"async\" src=\"https:\/\/secure.gravatar.com\/avatar\/be963e4efdc19391e88bf0b5d2216e006477be68dc78ce1a34ae2875246321c1?s=96&d=mm&r=g\">\n\t\t\t\t\t<\/div>\n\t\t\t\t\t<div class=\"upl-title bm_title\"><a href=\"https:\/\/ladrondelunas.es\/blog\/uncategorized\/el-origen-de-nuestros-vinos-la-parcela-bozal-de-grano-fino\/\" rel=\"bookmark\">El origen de nuestros vinos: la parcela Bozal de Grano Fino<\/a><\/div>\t\t\t\t\t\t<div class=\"upl-excerpt bm_content\"> En Ladr\u00f3n de Lunas sabemos que un gran vino empieza en la&hellip; <\/div>\n\t\t\t\t\t\t\t\t\t\t\t<div class=\"upl-cat-date bm_meta\">\n\t\t\t\t\t\tMario Polo | 19\/11\/2025 \t\t\t\t\t\t<\/div>\n\t\t\t\t\t\t\t\t\t<\/div>\n\t\t\t\t\t\t\t<div class=\"upl-bottom bm_content_box\">\n\t\t\t\t\t<div class=\"bm-post-image clearfix bm-hover-effect bm-hover-effect-blur\">\n\t\t\t\t\t\t<div class=\"upl-image\" style=\"background-image: url('https:\/\/ladrondelunas.es\/blog\/wp-content\/uploads\/2025\/05\/cerrar-mano-sujetando-uvas-verdes-para-el-verano-scaled.jpg')\"><\/div>\n\t\t\t\t\t<\/div>\n\t\t\t\t\t<div class=\"upl-author\">\n\t\t\t\t\t\t<img decoding=\"async\" src=\"https:\/\/secure.gravatar.com\/avatar\/be963e4efdc19391e88bf0b5d2216e006477be68dc78ce1a34ae2875246321c1?s=96&d=mm&r=g\">\n\t\t\t\t\t<\/div>\n\t\t\t\t\t<div class=\"upl-title bm_title\"><a href=\"https:\/\/ladrondelunas.es\/blog\/cava-brut-nature\/%f0%9f%a5%87-cava-brut-nature-medalla-de-oro-en-ferevin-2025\/\" rel=\"bookmark\">\ud83e\udd47 Cava Brut Nature, Medalla de Oro en FEREVIN 2025<\/a><\/div>\t\t\t\t\t\t<div class=\"upl-excerpt bm_content\"> Nuestro&nbsp;Cava Brut Nature&nbsp;ha sido distinguido con la&nbsp;Medalla de Oro en FEREVIN 2025,&hellip; <\/div>\n\t\t\t\t\t\t\t\t\t\t\t<div class=\"upl-cat-date bm_meta\">\n\t\t\t\t\t\tMario Polo | 11\/11\/2025 \t\t\t\t\t\t<\/div>\n\t\t\t\t\t\t\t\t\t<\/div>\n\t\t\t\t\t\t<\/div>\n\t\t<\/div>\n\t<\/div>\n\n\t<div class=\"upl-second-section\">\n\t\t\t\t\t<div class=\"upl-second bm_content_box\">\n\t\t\t\t<div class=\"bm-post-image clearfix bm-hover-effect bm-hover-effect-blur\">\n\t\t\t\t\t<div class=\"upl-image\" style=\"background-image: url('https:\/\/ladrondelunas.es\/blog\/wp-content\/uploads\/2025\/10\/agostamiento.png')\"><\/div>\n\t\t\t\t<\/div>\n\t\t\t\t<div class=\"upl-author\">\n\t\t\t\t\t<img decoding=\"async\" src=\"https:\/\/secure.gravatar.com\/avatar\/be963e4efdc19391e88bf0b5d2216e006477be68dc78ce1a34ae2875246321c1?s=96&d=mm&r=g\">\n\t\t\t\t<\/div>\n\t\t\t\t<div class=\"upl-title bm_title\"><a href=\"https:\/\/ladrondelunas.es\/blog\/vino-tinto\/el-descanso-de-la-cepa-cuando-la-vina-se-viste-de-otono\/\" rel=\"bookmark\">El descanso de la cepa: cuando la vi\u00f1a se viste de oto\u00f1o<\/a><\/div>\t\t\t\t\t<div class=\"upl-excerpt bm_content\"> Con el final del verano, el vi\u00f1edo cambia de tono y de&hellip; <\/div>\n\t\t\t\t\t\t\t\t\t<div class=\"upl-cat-date bm_meta\">Mario Polo | 05\/11\/2025 \t\t\t\t\t<\/div>\n\t\t\t\t\t\t\t<\/div>\n\t\t\t\t\t<div class=\"upl-second bm_content_box\">\n\t\t\t\t<div class=\"bm-post-image clearfix bm-hover-effect bm-hover-effect-blur\">\n\t\t\t\t\t<div class=\"upl-image\" style=\"background-image: url('https:\/\/ladrondelunas.es\/blog\/wp-content\/uploads\/2025\/10\/Sin-titulo-1.png')\"><\/div>\n\t\t\t\t<\/div>\n\t\t\t\t<div class=\"upl-author\">\n\t\t\t\t\t<img decoding=\"async\" src=\"https:\/\/secure.gravatar.com\/avatar\/be963e4efdc19391e88bf0b5d2216e006477be68dc78ce1a34ae2875246321c1?s=96&d=mm&r=g\">\n\t\t\t\t<\/div>\n\t\t\t\t<div class=\"upl-title bm_title\"><a href=\"https:\/\/ladrondelunas.es\/blog\/uncategorized\/del-vinedo-a-la-bodega-el-arte-de-separar-lo-esencial\/\" rel=\"bookmark\">Del vi\u00f1edo a la bodega: el arte de separar lo esencial<\/a><\/div>\t\t\t\t\t<div class=\"upl-excerpt bm_content\"> Tras la vendimia, la uva llega a la bodega en su momento&hellip; <\/div>\n\t\t\t\t\t\t\t\t\t<div class=\"upl-cat-date bm_meta\">Mario Polo | 29\/10\/2025 \t\t\t\t\t<\/div>\n\t\t\t\t\t\t\t<\/div>\n\t\t\t\t\t<div class=\"upl-second bm_content_box\">\n\t\t\t\t<div class=\"bm-post-image clearfix bm-hover-effect bm-hover-effect-blur\">\n\t\t\t\t\t<div class=\"upl-image\" style=\"background-image: url('https:\/\/ladrondelunas.es\/blog\/wp-content\/uploads\/2025\/10\/cendimia_manual.png')\"><\/div>\n\t\t\t\t<\/div>\n\t\t\t\t<div class=\"upl-author\">\n\t\t\t\t\t<img decoding=\"async\" src=\"https:\/\/secure.gravatar.com\/avatar\/be963e4efdc19391e88bf0b5d2216e006477be68dc78ce1a34ae2875246321c1?s=96&d=mm&r=g\">\n\t\t\t\t<\/div>\n\t\t\t\t<div class=\"upl-title bm_title\"><a href=\"https:\/\/ladrondelunas.es\/blog\/vino-tinto\/hoy-conoceras-la-razon-de-la-calidad-de-nuestros-mejores-vinos\/\" rel=\"bookmark\">Hoy conocer\u00e1s la raz\u00f3n de la calidad de nuestros mejores vinos...<\/a><\/div>\t\t\t\t\t<div class=\"upl-excerpt bm_content\"> En el mundo del vino, hay decisiones que marcan la diferencia entre&hellip; <\/div>\n\t\t\t\t\t\t\t\t\t<div class=\"upl-cat-date bm_meta\">Mario Polo | 22\/10\/2025 \t\t\t\t\t<\/div>\n\t\t\t\t\t\t\t<\/div>\n\t\t\t<\/div>\n\t\t\t<div class=\"bm-pagination pagination_style_2\">\n\t\t\t\t<span aria-current=\"page\" class=\"page-numbers current\">1<\/span>\n<a class=\"page-numbers\" href=\"https:\/\/ladrondelunas.es\/blog\/wp-json\/wp\/v2\/pages\/79\/page\/2\/\">2<\/a>\n<span class=\"page-numbers dots\">&hellip;<\/span>\n<a class=\"page-numbers\" href=\"https:\/\/ladrondelunas.es\/blog\/wp-json\/wp\/v2\/pages\/79\/page\/12\/\">12<\/a>\n<a class=\"page-numbers\" href=\"https:\/\/ladrondelunas.es\/blog\/wp-json\/wp\/v2\/pages\/79\/page\/13\/\">13<\/a>\n<a class=\"next page-numbers\" href=\"https:\/\/ladrondelunas.es\/blog\/wp-json\/wp\/v2\/pages\/79\/page\/2\/\"> <i><\/i><\/a>\t\t\t<\/div>\n\t\t\t\t<\/div>\n\t\t\t\t<\/div>\n\t\t\t\t\t<\/div>\n\t\t<\/div>\n\t\t\t\t\t\t\t<\/div>\n\t\t<\/section>\n\t\t\t\t\t\t<\/div>\n\t\t\t\t\t<\/div>\n\t\t","protected":false},"excerpt":{"rendered":"<p>\u00bfC\u00d3MO DISFRUTAR DEL VINO SIN SER UN EXPERTO? Disfrutar del vino no tiene por qu\u00e9 ser un desaf\u00edo reservado para expertos en enolog\u00eda. No es necesario saber identificar cada matiz o conocer al detalle todas las denominaciones de&hellip; Carmen | 10\/04\/2025 EL MEJOR VINO PARA MARIDAR LA PRIMAVERA. Empieza la cuenta atr\u00e1s para que lleguen &hellip;<\/p>\n<p class=\"read-more\"> <a class=\"\" href=\"https:\/\/ladrondelunas.es\/blog\/\"> <span class=\"screen-reader-text\">Home<\/span> Leer m\u00e1s &raquo;<\/a><\/p>\n","protected":false},"author":1,"featured_media":0,"parent":0,"menu_order":0,"comment_status":"closed","ping_status":"closed","template":"","meta":{"_monsterinsights_skip_tracking":false,"_monsterinsights_sitenote_active":false,"_monsterinsights_sitenote_note":"","_monsterinsights_sitenote_category":0,"footnotes":""},"class_list":["post-79","page","type-page","status-publish","hentry"],"_links":{"self":[{"href":"https:\/\/ladrondelunas.es\/blog\/wp-json\/wp\/v2\/pages\/79","targetHints":{"allow":["GET"]}}],"collection":[{"href":"https:\/\/ladrondelunas.es\/blog\/wp-json\/wp\/v2\/pages"}],"about":[{"href":"https:\/\/ladrondelunas.es\/blog\/wp-json\/wp\/v2\/types\/page"}],"author":[{"embeddable":true,"href":"https:\/\/ladrondelunas.es\/blog\/wp-json\/wp\/v2\/users\/1"}],"replies":[{"embeddable":true,"href":"https:\/\/ladrondelunas.es\/blog\/wp-json\/wp\/v2\/comments?post=79"}],"version-history":[{"count":35,"href":"https:\/\/ladrondelunas.es\/blog\/wp-json\/wp\/v2\/pages\/79\/revisions"}],"predecessor-version":[{"id":773,"href":"https:\/\/ladrondelunas.es\/blog\/wp-json\/wp\/v2\/pages\/79\/revisions\/773"}],"wp:attachment":[{"href":"https:\/\/ladrondelunas.es\/blog\/wp-json\/wp\/v2\/media?parent=79"}],"curies":[{"name":"wp","href":"https:\/\/api.w.org\/{rel}","templated":true}]}}